{"id":495,"date":"2021-05-13T08:43:54","date_gmt":"2021-05-13T06:43:54","guid":{"rendered":"http:\/\/www.alkit.se\/?page_id=495"},"modified":"2021-05-27T15:18:17","modified_gmt":"2021-05-27T13:18:17","slug":"bolagsstamma-2","status":"publish","type":"page","link":"https:\/\/www.alkit.se\/index.php\/bolagsstamma-2\/","title":{"rendered":"Bolagsst\u00e4mma"},"content":{"rendered":"\n<p>Kallelse till Bolagsst\u00e4mma f\u00f6r Alkit Communications AB<\/p>\n\n\n\n<p>Tid: 8 juni 2021 kl. 17:00.<br>Plats: Sallar\u00e4ngsbacken 2, M\u00f6lndal, alternativt telefon: 08-24 21 90<br><\/p>\n\n\n\n<p>Agenda&nbsp;<\/p>\n\n\n\n<p>1. Val av ordf\u00f6rande p\u00e5 st\u00e4mman<br>2. Uppr\u00e4ttande av r\u00f6stl\u00e4ngd<br>3. Val av en eller tv\u00e5 justeringsm\u00e4n<br>4. Pr\u00f6vning av om st\u00e4mman blivit beh\u00f6rigen sammankallad<br>5. Godk\u00e4nnande av dagordningen<br>6. Framl\u00e4ggande av \u00e5rsredovisning och revisionsber\u00e4ttelse<br>7. Beslut om<br>  &#8211; fastst\u00e4llande av \u00e5rsredovisningens resultat- och balansr\u00e4kning<br>  &#8211; disposition av vinst eller f\u00f6rlust enligt den fastst\u00e4llda balansr\u00e4kningen<br>  &#8211; ansvarsfrihet f\u00f6r styrelseledam\u00f6ter och den verkst\u00e4llande direkt\u00f6ren<br>8. Fastst\u00e4llande av arvoden till styrelsen och revisorn<br>9. Val av styrelse och revisor <br>10. \u00c4ndring av f\u00f6retagets verksamhetsbeskrivning i bolagsordningen <br><\/p>\n\n\n\n<p><br><\/p>\n\n\n\n<p><br><br><\/p>\n\n\n\n<p><\/p>\n","protected":false},"excerpt":{"rendered":"<p>Kallelse till Bolagsst\u00e4mma f\u00f6r Alkit Communications AB Tid: 8 juni 2021 kl. 17:00.Plats: Sallar\u00e4ngsbacken 2, M\u00f6lndal, alternativt telefon: 08-24 21 90 Agenda&nbsp; 1. Val av ordf\u00f6rande p\u00e5 st\u00e4mman2. Uppr\u00e4ttande av r\u00f6stl\u00e4ngd3. Val av en eller tv\u00e5 justeringsm\u00e4n4. Pr\u00f6vning av om st\u00e4mman blivit beh\u00f6rigen sammankallad5. Godk\u00e4nnande av dagordningen6. Framl\u00e4ggande av \u00e5rsredovisning och revisionsber\u00e4ttelse7. Beslut om &#8211; [&hellip;]<\/p>\n","protected":false},"author":2,"featured_media":0,"parent":0,"menu_order":0,"comment_status":"closed","ping_status":"closed","template":"","meta":[],"yoast_head":"<!-- This site is optimized with the Yoast SEO plugin v18.6 - https:\/\/yoast.com\/wordpress\/plugins\/seo\/ -->\n<title>Bolagsst\u00e4mma - Alkit Communications<\/title>\n<meta name=\"robots\" content=\"index, follow, max-snippet:-1, max-image-preview:large, max-video-preview:-1\" \/>\n<link rel=\"canonical\" href=\"https:\/\/www.alkit.se\/index.php\/bolagsstamma-2\/\" \/>\n<meta property=\"og:locale\" content=\"en_US\" \/>\n<meta property=\"og:type\" content=\"article\" \/>\n<meta property=\"og:title\" content=\"Bolagsst\u00e4mma - Alkit Communications\" \/>\n<meta property=\"og:description\" content=\"Kallelse till Bolagsst\u00e4mma f\u00f6r Alkit Communications AB Tid: 8 juni 2021 kl. 17:00.Plats: Sallar\u00e4ngsbacken 2, M\u00f6lndal, alternativt telefon: 08-24 21 90 Agenda&nbsp; 1. Val av ordf\u00f6rande p\u00e5 st\u00e4mman2. Uppr\u00e4ttande av r\u00f6stl\u00e4ngd3. Val av en eller tv\u00e5 justeringsm\u00e4n4. Pr\u00f6vning av om st\u00e4mman blivit beh\u00f6rigen sammankallad5. Godk\u00e4nnande av dagordningen6. Framl\u00e4ggande av \u00e5rsredovisning och revisionsber\u00e4ttelse7. Beslut om &#8211; [&hellip;]\" \/>\n<meta property=\"og:url\" content=\"https:\/\/www.alkit.se\/index.php\/bolagsstamma-2\/\" \/>\n<meta property=\"og:site_name\" content=\"Alkit Communications\" \/>\n<meta property=\"article:modified_time\" content=\"2021-05-27T13:18:17+00:00\" \/>\n<meta name=\"twitter:card\" content=\"summary_large_image\" \/>\n<meta name=\"twitter:label1\" content=\"Est. reading time\" \/>\n\t<meta name=\"twitter:data1\" content=\"1 minute\" \/>\n<script type=\"application\/ld+json\" class=\"yoast-schema-graph\">{\"@context\":\"https:\/\/schema.org\",\"@graph\":[{\"@type\":\"WebSite\",\"@id\":\"https:\/\/www.alkit.se\/#website\",\"url\":\"https:\/\/www.alkit.se\/\",\"name\":\"Alkit Communications\",\"description\":\"Connect Communicate Collaborate\",\"potentialAction\":[{\"@type\":\"SearchAction\",\"target\":{\"@type\":\"EntryPoint\",\"urlTemplate\":\"https:\/\/www.alkit.se\/?s={search_term_string}\"},\"query-input\":\"required name=search_term_string\"}],\"inLanguage\":\"en-US\"},{\"@type\":\"WebPage\",\"@id\":\"https:\/\/www.alkit.se\/index.php\/bolagsstamma-2\/#webpage\",\"url\":\"https:\/\/www.alkit.se\/index.php\/bolagsstamma-2\/\",\"name\":\"Bolagsst\u00e4mma - Alkit Communications\",\"isPartOf\":{\"@id\":\"https:\/\/www.alkit.se\/#website\"},\"datePublished\":\"2021-05-13T06:43:54+00:00\",\"dateModified\":\"2021-05-27T13:18:17+00:00\",\"breadcrumb\":{\"@id\":\"https:\/\/www.alkit.se\/index.php\/bolagsstamma-2\/#breadcrumb\"},\"inLanguage\":\"en-US\",\"potentialAction\":[{\"@type\":\"ReadAction\",\"target\":[\"https:\/\/www.alkit.se\/index.php\/bolagsstamma-2\/\"]}]},{\"@type\":\"BreadcrumbList\",\"@id\":\"https:\/\/www.alkit.se\/index.php\/bolagsstamma-2\/#breadcrumb\",\"itemListElement\":[{\"@type\":\"ListItem\",\"position\":1,\"name\":\"Home\",\"item\":\"https:\/\/www.alkit.se\/\"},{\"@type\":\"ListItem\",\"position\":2,\"name\":\"Bolagsst\u00e4mma\"}]}]}<\/script>\n<!-- \/ Yoast SEO plugin. -->","yoast_head_json":{"title":"Bolagsst\u00e4mma - Alkit Communications","robots":{"index":"index","follow":"follow","max-snippet":"max-snippet:-1","max-image-preview":"max-image-preview:large","max-video-preview":"max-video-preview:-1"},"canonical":"https:\/\/www.alkit.se\/index.php\/bolagsstamma-2\/","og_locale":"en_US","og_type":"article","og_title":"Bolagsst\u00e4mma - Alkit Communications","og_description":"Kallelse till Bolagsst\u00e4mma f\u00f6r Alkit Communications AB Tid: 8 juni 2021 kl. 17:00.Plats: Sallar\u00e4ngsbacken 2, M\u00f6lndal, alternativt telefon: 08-24 21 90 Agenda&nbsp; 1. Val av ordf\u00f6rande p\u00e5 st\u00e4mman2. Uppr\u00e4ttande av r\u00f6stl\u00e4ngd3. Val av en eller tv\u00e5 justeringsm\u00e4n4. Pr\u00f6vning av om st\u00e4mman blivit beh\u00f6rigen sammankallad5. Godk\u00e4nnande av dagordningen6. Framl\u00e4ggande av \u00e5rsredovisning och revisionsber\u00e4ttelse7. Beslut om &#8211; [&hellip;]","og_url":"https:\/\/www.alkit.se\/index.php\/bolagsstamma-2\/","og_site_name":"Alkit Communications","article_modified_time":"2021-05-27T13:18:17+00:00","twitter_card":"summary_large_image","twitter_misc":{"Est. reading time":"1 minute"},"schema":{"@context":"https:\/\/schema.org","@graph":[{"@type":"WebSite","@id":"https:\/\/www.alkit.se\/#website","url":"https:\/\/www.alkit.se\/","name":"Alkit Communications","description":"Connect Communicate Collaborate","potentialAction":[{"@type":"SearchAction","target":{"@type":"EntryPoint","urlTemplate":"https:\/\/www.alkit.se\/?s={search_term_string}"},"query-input":"required name=search_term_string"}],"inLanguage":"en-US"},{"@type":"WebPage","@id":"https:\/\/www.alkit.se\/index.php\/bolagsstamma-2\/#webpage","url":"https:\/\/www.alkit.se\/index.php\/bolagsstamma-2\/","name":"Bolagsst\u00e4mma - Alkit Communications","isPartOf":{"@id":"https:\/\/www.alkit.se\/#website"},"datePublished":"2021-05-13T06:43:54+00:00","dateModified":"2021-05-27T13:18:17+00:00","breadcrumb":{"@id":"https:\/\/www.alkit.se\/index.php\/bolagsstamma-2\/#breadcrumb"},"inLanguage":"en-US","potentialAction":[{"@type":"ReadAction","target":["https:\/\/www.alkit.se\/index.php\/bolagsstamma-2\/"]}]},{"@type":"BreadcrumbList","@id":"https:\/\/www.alkit.se\/index.php\/bolagsstamma-2\/#breadcrumb","itemListElement":[{"@type":"ListItem","position":1,"name":"Home","item":"https:\/\/www.alkit.se\/"},{"@type":"ListItem","position":2,"name":"Bolagsst\u00e4mma"}]}]}},"_links":{"self":[{"href":"https:\/\/www.alkit.se\/index.php\/wp-json\/wp\/v2\/pages\/495"}],"collection":[{"href":"https:\/\/www.alkit.se\/index.php\/wp-json\/wp\/v2\/pages"}],"about":[{"href":"https:\/\/www.alkit.se\/index.php\/wp-json\/wp\/v2\/types\/page"}],"author":[{"embeddable":true,"href":"https:\/\/www.alkit.se\/index.php\/wp-json\/wp\/v2\/users\/2"}],"replies":[{"embeddable":true,"href":"https:\/\/www.alkit.se\/index.php\/wp-json\/wp\/v2\/comments?post=495"}],"version-history":[{"count":2,"href":"https:\/\/www.alkit.se\/index.php\/wp-json\/wp\/v2\/pages\/495\/revisions"}],"predecessor-version":[{"id":501,"href":"https:\/\/www.alkit.se\/index.php\/wp-json\/wp\/v2\/pages\/495\/revisions\/501"}],"wp:attachment":[{"href":"https:\/\/www.alkit.se\/index.php\/wp-json\/wp\/v2\/media?parent=495"}],"curies":[{"name":"wp","href":"https:\/\/api.w.org\/{rel}","templated":true}]}}